{"id":149,"date":"2021-08-31T16:21:10","date_gmt":"2021-08-31T16:21:10","guid":{"rendered":"https:\/\/www.landriaulttire.ca\/contact\/"},"modified":"2024-05-06T20:44:35","modified_gmt":"2024-05-06T20:44:35","slug":"contact","status":"publish","type":"page","link":"https:\/\/www.landriaulttire.ca\/fr\/contact\/","title":{"rendered":"Contact"},"content":{"rendered":"\n<h2 class=\"wp-block-heading has-text-align-center\" id=\"our-story\">Notre histoire <img decoding=\"async\" width=\"30px\" height=\"auto\" style=\"display:inline;\" src=\"https:\/\/www.landriaulttire.ca\/wp-content\/uploads\/2021\/09\/landriault-arrow.png\"><\/h2>\n\n\n\n<div class=\"wp-block-group px-12\"><div class=\"wp-block-group__inner-container is-layout-flow wp-block-group-is-layout-flow\">\n<p class=\"has-text-align-center\">En 2002, Guillaume Landriault d\u00e9cide de fonder sa propre entreprise apr\u00e8s avoir vu son p\u00e8re mener sa propre entreprise de pneus pendant plus de 20 ans. Dans les premi\u00e8res ann\u00e9es, Guillaume menait une entreprise de pneus mobile, c\u2019est-\u00e0-dire qu\u2019il n\u2019effectuait que des services d\u2019urgences et des changements de pneus sur la route. Il travaillait 7 jours sur 7 afin de se b\u00e2tir une bonne r\u00e9putation bas\u00e9e sur des standards \u00e9lev\u00e9s.<\/p>\n\n\n\n<p class=\"has-text-align-center\">Apr\u00e8s deux ans d\u2019op\u00e9ration sur la route, l\u2019id\u00e9e d\u2019avoir son propre garage avec un espace bureau lui vint. Il commen\u00e7a tout d\u2019abord par louer un petit espace \u00e0 Alfred, en Ontario, o\u00f9 il pouvait garder de l\u2019inventaire. L\u2019id\u00e9e de faire l\u2019achat d\u2019un garage ne le quittait tout de m\u00eame pas. En 2007, Guillaume eut finalement les ressources pour acheter un garage situ\u00e9 aux abords de la Route 17 \u00e0 Alfred. Malgr\u00e9 le fait qu\u2019il continuait d\u2019offrir des changements de pneus et des services d\u2019urgence sur la route, il pouvait maintenant offrir des services au garage.<\/p>\n\n\n\n<p class=\"has-text-align-center\">Depuis ce temps, OK Pneu Landriault Tire Inc. est devenu le sp\u00e9cialiste du pneu de la r\u00e9gion. Son \u00e9quipe dessert la plupart des fermes locales, des entreprises de la r\u00e9gion aussi loin que dans l\u2019ouest canadien. Alors que l\u2019entreprise c\u00e9l\u00e9brait son 15e anniversaire, Guillaume Landriault a \u00e9t\u00e9 finaliste dans la cat\u00e9gorie Jeune Entrepreneur au gala de l\u2019entreprise 2017 de Prescott-Russell!<\/p>\n\n\n\n<p class=\"has-text-align-center\">En 2017 Guillaume fait l\u2019acquisition d\u2019OK Pneus Valleyfield. En plus de la vente et installation de pneus, la succursale de Valleyfield offre des services de m\u00e9canique g\u00e9n\u00e9rale, suspension et alignement.<\/p>\n\n\n\n<p class=\"has-text-align-center\">Au fil des ann\u00e9es, OK Pneus Landriault Tire Inc. est devenu un chef de file en mati\u00e8re de r\u00e9parations de pneus de tous genres et peut compter sur toute une \u00e9quipe afin de supporter la demande toujours grandissante.<\/p>\n\n\n\n<p><\/p>\n<\/div><\/div>\n","protected":false},"excerpt":{"rendered":"<p>Notre histoire En 2002, Guillaume Landriault d\u00e9cide de fonder sa propre entreprise apr\u00e8s avoir vu son p\u00e8re mener sa propre entreprise de pneus pendant plus de 20 ans. Dans les premi\u00e8res ann\u00e9es, Guillaume menait une entreprise de pneus mobile, c\u2019est-\u00e0-dire qu\u2019il n\u2019effectuait que des services d\u2019urgences et des changements de pneus sur la route. Il [&hellip;]<\/p>\n","protected":false},"author":1,"featured_media":0,"parent":0,"menu_order":0,"comment_status":"closed","ping_status":"closed","template":"page-contact.php","meta":{"_acf_changed":false,"footnotes":""},"class_list":["post-149","page","type-page","status-publish","hentry"],"acf":[],"_links":{"self":[{"href":"https:\/\/www.landriaulttire.ca\/fr\/wp-json\/wp\/v2\/pages\/149","targetHints":{"allow":["GET"]}}],"collection":[{"href":"https:\/\/www.landriaulttire.ca\/fr\/wp-json\/wp\/v2\/pages"}],"about":[{"href":"https:\/\/www.landriaulttire.ca\/fr\/wp-json\/wp\/v2\/types\/page"}],"author":[{"embeddable":true,"href":"https:\/\/www.landriaulttire.ca\/fr\/wp-json\/wp\/v2\/users\/1"}],"replies":[{"embeddable":true,"href":"https:\/\/www.landriaulttire.ca\/fr\/wp-json\/wp\/v2\/comments?post=149"}],"version-history":[{"count":31,"href":"https:\/\/www.landriaulttire.ca\/fr\/wp-json\/wp\/v2\/pages\/149\/revisions"}],"predecessor-version":[{"id":869,"href":"https:\/\/www.landriaulttire.ca\/fr\/wp-json\/wp\/v2\/pages\/149\/revisions\/869"}],"wp:attachment":[{"href":"https:\/\/www.landriaulttire.ca\/fr\/wp-json\/wp\/v2\/media?parent=149"}],"curies":[{"name":"wp","href":"https:\/\/api.w.org\/{rel}","templated":true}]}}