{"id":157,"date":"2021-08-31T16:21:25","date_gmt":"2021-08-31T16:21:25","guid":{"rendered":"https:\/\/www.landriaulttire.ca\/general-mechanic\/"},"modified":"2021-10-29T16:47:45","modified_gmt":"2021-10-29T16:47:45","slug":"general-mechanic","status":"publish","type":"page","link":"https:\/\/www.landriaulttire.ca\/fr\/general-mechanic\/","title":{"rendered":"M\u00e9canique G\u00e9n\u00e9rale"},"content":{"rendered":"\n<p class=\"has-text-align-center\">Service de r\u00e9paration et entretien automobile<\/p>\n\n\n\n<p class=\"has-text-align-center max-w-2xl mx-auto\">OK Pneus est un atelier \u00e0 guichet unique pour tous vos besoins en mati\u00e8re d\u2019entretien automobile. Des freins aux vidanges d\u2019huile, nos techniciens qualifi\u00e9s savent exactement ce dont votre v\u00e9hicule a besoin, et quand il en a besoin.<\/p>\n\n\n\n<div style=\"height:40px\" aria-hidden=\"true\" class=\"wp-block-spacer\"><\/div>\n\n\n\n<figure class=\"wp-block-table aligncenter mx-auto\"><table><tbody><tr><td class=\"has-text-align-center\" data-align=\"center\"><img decoding=\"async\" class=\"wp-image-194\" style=\"width: 500px;\" src=\"https:\/\/www.landriaulttire.ca\/wp-content\/uploads\/2021\/09\/changement-dhuile-1.jpg\" alt=\"\"><\/td><td class=\"has-text-align-center\" data-align=\"center\"><img decoding=\"async\" class=\"wp-image-192\" style=\"width: 500px;\" src=\"https:\/\/www.landriaulttire.ca\/wp-content\/uploads\/2021\/09\/alignement-1.jpg\" alt=\"\"><\/td><\/tr><tr><td class=\"has-text-align-center\" data-align=\"center\"><img decoding=\"async\" class=\"wp-image-195\" style=\"width: 500px;\" src=\"https:\/\/www.landriaulttire.ca\/wp-content\/uploads\/2021\/09\/suspension-1.jpg\" alt=\"\"><\/td><td class=\"has-text-align-center\" data-align=\"center\"><img decoding=\"async\" class=\"wp-image-193\" style=\"width: 500px;\" src=\"https:\/\/www.landriaulttire.ca\/wp-content\/uploads\/2021\/09\/freins-1.jpg\" alt=\"\"><\/td><\/tr><\/tbody><\/table><\/figure>\n","protected":false},"excerpt":{"rendered":"<p>Service de r\u00e9paration et entretien automobile OK Pneus est un atelier \u00e0 guichet unique pour tous vos besoins en mati\u00e8re d\u2019entretien automobile. Des freins aux vidanges d\u2019huile, nos techniciens qualifi\u00e9s savent exactement ce dont votre v\u00e9hicule a besoin, et quand il en a besoin.<\/p>\n","protected":false},"author":1,"featured_media":0,"parent":0,"menu_order":0,"comment_status":"closed","ping_status":"closed","template":"","meta":{"_acf_changed":false,"footnotes":""},"class_list":["post-157","page","type-page","status-publish","hentry"],"acf":[],"_links":{"self":[{"href":"https:\/\/www.landriaulttire.ca\/fr\/wp-json\/wp\/v2\/pages\/157","targetHints":{"allow":["GET"]}}],"collection":[{"href":"https:\/\/www.landriaulttire.ca\/fr\/wp-json\/wp\/v2\/pages"}],"about":[{"href":"https:\/\/www.landriaulttire.ca\/fr\/wp-json\/wp\/v2\/types\/page"}],"author":[{"embeddable":true,"href":"https:\/\/www.landriaulttire.ca\/fr\/wp-json\/wp\/v2\/users\/1"}],"replies":[{"embeddable":true,"href":"https:\/\/www.landriaulttire.ca\/fr\/wp-json\/wp\/v2\/comments?post=157"}],"version-history":[{"count":11,"href":"https:\/\/www.landriaulttire.ca\/fr\/wp-json\/wp\/v2\/pages\/157\/revisions"}],"predecessor-version":[{"id":507,"href":"https:\/\/www.landriaulttire.ca\/fr\/wp-json\/wp\/v2\/pages\/157\/revisions\/507"}],"wp:attachment":[{"href":"https:\/\/www.landriaulttire.ca\/fr\/wp-json\/wp\/v2\/media?parent=157"}],"curies":[{"name":"wp","href":"https:\/\/api.w.org\/{rel}","templated":true}]}}