{"id":257,"date":"2021-09-01T23:13:39","date_gmt":"2021-09-01T23:13:39","guid":{"rendered":"https:\/\/www.landriaulttire.ca\/home\/"},"modified":"2023-04-12T14:10:41","modified_gmt":"2023-04-12T14:10:41","slug":"home","status":"publish","type":"page","link":"https:\/\/www.landriaulttire.ca\/fr\/","title":{"rendered":"Accueil"},"content":{"rendered":"\n<h2 class=\"wp-block-heading has-text-align-center\">Bienvenue<\/h2>\n\n\n\n<p class=\"has-text-align-center max-w-lg mx-auto\"><br>L\u2019\u00e9quipe de OK PNEUS Landriault Tire Inc. est en mesure de vous promettre un service rapide et professionnel au prix des plus comp\u00e9titifs. Avec les ann\u00e9es, OK PNEUS Landriault Tire Inc. est devenu un chef de file en mati\u00e8re de vente et d\u2019installation de pneus de tous genres.<\/p>\n","protected":false},"excerpt":{"rendered":"<p>Bienvenue L\u2019\u00e9quipe de OK PNEUS Landriault Tire Inc. est en mesure de vous promettre un service rapide et professionnel au prix des plus comp\u00e9titifs. Avec les ann\u00e9es, OK PNEUS Landriault Tire Inc. est devenu un chef de file en mati\u00e8re de vente et d\u2019installation de pneus de tous genres.<\/p>\n","protected":false},"author":1,"featured_media":0,"parent":0,"menu_order":0,"comment_status":"closed","ping_status":"closed","template":"page-home.php","meta":{"_acf_changed":false,"footnotes":""},"class_list":["post-257","page","type-page","status-publish","hentry"],"acf":[],"_links":{"self":[{"href":"https:\/\/www.landriaulttire.ca\/fr\/wp-json\/wp\/v2\/pages\/257","targetHints":{"allow":["GET"]}}],"collection":[{"href":"https:\/\/www.landriaulttire.ca\/fr\/wp-json\/wp\/v2\/pages"}],"about":[{"href":"https:\/\/www.landriaulttire.ca\/fr\/wp-json\/wp\/v2\/types\/page"}],"author":[{"embeddable":true,"href":"https:\/\/www.landriaulttire.ca\/fr\/wp-json\/wp\/v2\/users\/1"}],"replies":[{"embeddable":true,"href":"https:\/\/www.landriaulttire.ca\/fr\/wp-json\/wp\/v2\/comments?post=257"}],"version-history":[{"count":22,"href":"https:\/\/www.landriaulttire.ca\/fr\/wp-json\/wp\/v2\/pages\/257\/revisions"}],"predecessor-version":[{"id":693,"href":"https:\/\/www.landriaulttire.ca\/fr\/wp-json\/wp\/v2\/pages\/257\/revisions\/693"}],"wp:attachment":[{"href":"https:\/\/www.landriaulttire.ca\/fr\/wp-json\/wp\/v2\/media?parent=257"}],"curies":[{"name":"wp","href":"https:\/\/api.w.org\/{rel}","templated":true}]}}