{"id":510,"date":"2021-10-29T18:55:21","date_gmt":"2021-10-29T18:55:21","guid":{"rendered":"https:\/\/www.landriaulttire.ca\/financement\/"},"modified":"2021-10-29T18:55:21","modified_gmt":"2021-10-29T18:55:21","slug":"financement","status":"publish","type":"page","link":"https:\/\/www.landriaulttire.ca\/fr\/financement\/","title":{"rendered":"Financement"},"content":{"rendered":"\n<div class=\"wp-block-columns is-layout-flex wp-container-core-columns-is-layout-9d6595d7 wp-block-columns-is-layout-flex\">\n<div class=\"wp-block-column is-vertically-aligned-center mx-auto is-layout-flow wp-block-column-is-layout-flow\" style=\"flex-basis:500px\">\n<div style=\"height:77px\" aria-hidden=\"true\" class=\"wp-block-spacer\"><\/div>\n\n\n\n<h2 class=\"wp-block-heading\">OK Pneus Valleyfield<\/h2>\n\n\n\n<h3 class=\"wp-block-heading\">Options de financement* :<\/h3>\n\n\n\n<p>Demande rapide et facile!<\/p>\n\n\n\n<div style=\"height:42px\" aria-hidden=\"true\" class=\"wp-block-spacer\"><\/div>\n\n\n\n<p><strong>3 mois sans paiement ni int\u00e9r\u00eat.<\/strong><br\/>Achetez et obtenez des conditions flexibles et des paiements abordables. Prenez la route aujourd&rsquo;hui et payez plus tard!<\/p>\n\n\n\n<p><sup>* Pay360 est optimis\u00e9 par easyfinancial. Des conditions s&rsquo;appliquent, le financement est disponible dans les \u00e9tablissements participants seulement, sur approbation du cr\u00e9dit, voir le magasin pour plus de d\u00e9tails. <\/sup><\/p>\n\n\n\n<p><a href=\"https:\/\/www.oktire.com\/fr\/financement\/\">En savoir plus<\/a><\/p>\n\n\n\n<div class=\"flex flex-wrap flex-row justify-center mx-auto\">\r\n<a style=\"font-size: 32px;\" class=\"red-button my-2 mx-2\" href=\"https:\/\/app.pay360.ca\/?store=883HXjJzqUeuvdC6mVCY0Gb0bsmO9ZpAMzc\">Souscrivez d\u00e8s maintenant<\/a>\r\n<\/div>\r\n<\/div>\n<\/div>\n","protected":false},"excerpt":{"rendered":"<p>OK Pneus Valleyfield Options de financement* : Demande rapide et facile! 3 mois sans paiement ni int\u00e9r\u00eat.Achetez et obtenez des conditions flexibles et des paiements abordables. Prenez la route aujourd&rsquo;hui et payez plus tard! * Pay360 est optimis\u00e9 par easyfinancial. Des conditions s&rsquo;appliquent, le financement est disponible dans les \u00e9tablissements participants seulement, sur approbation du [&hellip;]<\/p>\n","protected":false},"author":1,"featured_media":449,"parent":0,"menu_order":0,"comment_status":"closed","ping_status":"closed","template":"","meta":{"_acf_changed":false,"footnotes":""},"class_list":["post-510","page","type-page","status-publish","has-post-thumbnail","hentry"],"acf":[],"_links":{"self":[{"href":"https:\/\/www.landriaulttire.ca\/fr\/wp-json\/wp\/v2\/pages\/510","targetHints":{"allow":["GET"]}}],"collection":[{"href":"https:\/\/www.landriaulttire.ca\/fr\/wp-json\/wp\/v2\/pages"}],"about":[{"href":"https:\/\/www.landriaulttire.ca\/fr\/wp-json\/wp\/v2\/types\/page"}],"author":[{"embeddable":true,"href":"https:\/\/www.landriaulttire.ca\/fr\/wp-json\/wp\/v2\/users\/1"}],"replies":[{"embeddable":true,"href":"https:\/\/www.landriaulttire.ca\/fr\/wp-json\/wp\/v2\/comments?post=510"}],"version-history":[{"count":1,"href":"https:\/\/www.landriaulttire.ca\/fr\/wp-json\/wp\/v2\/pages\/510\/revisions"}],"predecessor-version":[{"id":511,"href":"https:\/\/www.landriaulttire.ca\/fr\/wp-json\/wp\/v2\/pages\/510\/revisions\/511"}],"wp:featuredmedia":[{"embeddable":true,"href":"https:\/\/www.landriaulttire.ca\/fr\/wp-json\/wp\/v2\/media\/449"}],"wp:attachment":[{"href":"https:\/\/www.landriaulttire.ca\/fr\/wp-json\/wp\/v2\/media?parent=510"}],"curies":[{"name":"wp","href":"https:\/\/api.w.org\/{rel}","templated":true}]}}