{"id":658,"date":"2022-04-07T20:00:07","date_gmt":"2022-04-07T20:00:07","guid":{"rendered":"https:\/\/www.landriaulttire.ca\/joignez-vous-a-notre-equipe\/"},"modified":"2026-04-01T19:00:44","modified_gmt":"2026-04-01T19:00:44","slug":"joignez-vous-a-notre-equipe","status":"publish","type":"page","link":"https:\/\/www.landriaulttire.ca\/fr\/joignez-vous-a-notre-equipe\/","title":{"rendered":"Joignez-vous \u00e0 notre \u00e9quipe"},"content":{"rendered":"\n<p>Pneus Landriault cherche toujours \u00e0 prendre de l&rsquo;expansion! D\u00e9couvrez les postes pour lesquels nous recrutons actuellement. Nous offrons un emploi dans un march\u00e9 en croissance, des assurances collectives, un environnement convivial et dynamique et des activit\u00e9s sociales pour les membres de notre \u00e9quipe.<\/p>\n","protected":false},"excerpt":{"rendered":"<p>Pneus Landriault cherche toujours \u00e0 prendre de l&rsquo;expansion! D\u00e9couvrez les postes pour lesquels nous recrutons actuellement. Nous offrons un emploi dans un march\u00e9 en croissance, des assurances collectives, un environnement convivial et dynamique et des activit\u00e9s sociales pour les membres de notre \u00e9quipe.<\/p>\n","protected":false},"author":1,"featured_media":0,"parent":0,"menu_order":0,"comment_status":"closed","ping_status":"closed","template":"page-jobs.php","meta":{"_acf_changed":false,"footnotes":""},"class_list":["post-658","page","type-page","status-publish","hentry"],"acf":[],"_links":{"self":[{"href":"https:\/\/www.landriaulttire.ca\/fr\/wp-json\/wp\/v2\/pages\/658","targetHints":{"allow":["GET"]}}],"collection":[{"href":"https:\/\/www.landriaulttire.ca\/fr\/wp-json\/wp\/v2\/pages"}],"about":[{"href":"https:\/\/www.landriaulttire.ca\/fr\/wp-json\/wp\/v2\/types\/page"}],"author":[{"embeddable":true,"href":"https:\/\/www.landriaulttire.ca\/fr\/wp-json\/wp\/v2\/users\/1"}],"replies":[{"embeddable":true,"href":"https:\/\/www.landriaulttire.ca\/fr\/wp-json\/wp\/v2\/comments?post=658"}],"version-history":[{"count":12,"href":"https:\/\/www.landriaulttire.ca\/fr\/wp-json\/wp\/v2\/pages\/658\/revisions"}],"predecessor-version":[{"id":903,"href":"https:\/\/www.landriaulttire.ca\/fr\/wp-json\/wp\/v2\/pages\/658\/revisions\/903"}],"wp:attachment":[{"href":"https:\/\/www.landriaulttire.ca\/fr\/wp-json\/wp\/v2\/media?parent=658"}],"curies":[{"name":"wp","href":"https:\/\/api.w.org\/{rel}","templated":true}]}}